{"id":8,"date":"2025-11-18T17:44:49","date_gmt":"2025-11-18T17:44:49","guid":{"rendered":"http:\/\/pernosayg.cl\/sitio\/?page_id=8"},"modified":"2025-11-22T01:30:34","modified_gmt":"2025-11-22T01:30:34","slug":"inicio","status":"publish","type":"page","link":"https:\/\/pernosayg.cl\/sitio\/","title":{"rendered":"Inicio"},"content":{"rendered":"<style>.kb-row-layout-id8_aff526-21 > .kt-row-column-wrap{align-content:start;}:where(.kb-row-layout-id8_aff526-21 > .kt-row-column-wrap) > .wp-block-kadence-column{justify-content:start;}.kb-row-layout-id8_aff526-21 > .kt-row-column-wrap{column-gap:var(--global-kb-gap-md, 2rem);row-gap:var(--global-kb-gap-none, 0rem );padding-top:var(--global-kb-spacing-5xl, 10rem);padding-bottom:var(--global-kb-spacing-sm, 1.5rem);min-height:450px;grid-template-columns:minmax(0, 1fr);}.kb-row-layout-id8_aff526-21 > .kt-row-layout-overlay{opacity:0.30;}@media all and (max-width: 1024px){.kb-row-layout-id8_aff526-21 > .kt-row-column-wrap{grid-template-columns:minmax(0, 1fr);}}@media all and (max-width: 767px){.kb-row-layout-id8_aff526-21 > .kt-row-column-wrap{padding-top:var(--global-kb-spacing-sm, 1.5rem);min-height:154px;grid-template-columns:minmax(0, 1fr);}}<\/style><div class=\"kb-row-layout-wrap kb-row-layout-id8_aff526-21 alignnone kt-row-has-bg wp-block-kadence-rowlayout\" id=\"https:\/\/autoaccesorio.cl\/tienda\/\"><div class=\"kt-blocks-carousel kb-blocks-bg-slider kt-carousel-container-dotstyle-light\"><div class=\"kt-blocks-carousel-init kb-blocks-bg-slider-init kt-carousel-arrowstyle-none kt-carousel-dotstyle-light\" data-slider-anim-speed=\"1000\" data-slider-type=\"slider\" data-slider-scroll=\"1\" data-slider-arrows=\"false\" data-slider-fade=\"true\" data-slider-dots=\"true\" data-slider-hover-pause=\"false\" data-slider-auto=\"true\" data-slider-speed=\"5000\" data-show-pause-button=\"false\"><div class=\"kb-bg-slide-contain\"><div class=\"kb-bg-slide kb-bg-slide-0\" style=\"background-image:url(http:\/\/pernosayg.cl\/sitio\/wp-content\/uploads\/2025\/11\/slider-1.jpg); background-size:cover; background-position:center top; background-repeat:no-repeat;\"><\/div><\/div><div class=\"kb-bg-slide-contain\"><div class=\"kb-bg-slide kb-bg-slide-1\" style=\"background-image:url(http:\/\/pernosayg.cl\/sitio\/wp-content\/uploads\/2025\/11\/slider-1b.jpg); background-size:cover; background-position:center top; background-repeat:no-repeat;\"><\/div><\/div><\/div><\/div><div class=\"kt-row-column-wrap kt-has-1-columns kt-row-layout-equal kt-tab-layout-inherit kt-mobile-layout-row kt-row-valign-top\">\n<style>.kadence-column8_88d138-51 > .kt-inside-inner-col,.kadence-column8_88d138-51 > .kt-inside-inner-col:before{border-top-left-radius:0px;border-top-right-radius:0px;border-bottom-right-radius:0px;border-bottom-left-radius:0px;}.kadence-column8_88d138-51 > .kt-inside-inner-col{column-gap:var(--global-kb-gap-sm, 1rem);}.kadence-column8_88d138-51 > .kt-inside-inner-col{flex-direction:column;}.kadence-column8_88d138-51 > .kt-inside-inner-col > .aligncenter{width:100%;}.kadence-column8_88d138-51 > .kt-inside-inner-col:before{opacity:0.3;}.kadence-column8_88d138-51{position:relative;}@media all and (max-width: 1024px){.kadence-column8_88d138-51 > .kt-inside-inner-col{flex-direction:column;justify-content:center;}}@media all and (max-width: 767px){.kadence-column8_88d138-51 > .kt-inside-inner-col{flex-direction:column;justify-content:center;}}<\/style>\n<div class=\"wp-block-kadence-column kadence-column8_88d138-51\"><div class=\"kt-inside-inner-col\">\n<p>&#8230;<br><\/p>\n\n\n\n<p><\/p>\n<\/div><\/div>\n\n\n<style>.kadence-column8_0c26d5-8b > .kt-inside-inner-col,.kadence-column8_0c26d5-8b > .kt-inside-inner-col:before{border-top-left-radius:0px;border-top-right-radius:0px;border-bottom-right-radius:0px;border-bottom-left-radius:0px;}.kadence-column8_0c26d5-8b > .kt-inside-inner-col{column-gap:var(--global-kb-gap-sm, 1rem);}.kadence-column8_0c26d5-8b > .kt-inside-inner-col{flex-direction:column;}.kadence-column8_0c26d5-8b > .kt-inside-inner-col > .aligncenter{width:100%;}.kadence-column8_0c26d5-8b > .kt-inside-inner-col:before{opacity:0.3;}.kadence-column8_0c26d5-8b{position:relative;}@media all and (max-width: 1024px){.kadence-column8_0c26d5-8b > .kt-inside-inner-col{flex-direction:column;justify-content:center;}}@media all and (max-width: 767px){.kadence-column8_0c26d5-8b > .kt-inside-inner-col{flex-direction:column;justify-content:center;}}<\/style>\n<div class=\"wp-block-kadence-column kadence-column8_0c26d5-8b\"><div class=\"kt-inside-inner-col\"><\/div><\/div>\n\n<\/div><\/div>\n\n<style>.kb-row-layout-id8_54c710-23 > .kt-row-column-wrap{align-content:start;}:where(.kb-row-layout-id8_54c710-23 > .kt-row-column-wrap) > .wp-block-kadence-column{justify-content:start;}.kb-row-layout-id8_54c710-23 > .kt-row-column-wrap{column-gap:var(--global-kb-gap-md, 2rem);row-gap:var(--global-kb-gap-md, 2rem);max-width:var( --global-content-width, 1290px );padding-left:var(--global-content-edge-padding);padding-right:var(--global-content-edge-padding);padding-top:var(--global-kb-spacing-sm, 1.5rem);padding-bottom:var(--global-kb-spacing-sm, 1.5rem);grid-template-columns:minmax(0, 1fr);}.kb-row-layout-id8_54c710-23 > .kt-row-layout-overlay{opacity:0.30;}@media all and (max-width: 1024px){.kb-row-layout-id8_54c710-23 > .kt-row-column-wrap{grid-template-columns:minmax(0, 1fr);}}@media all and (max-width: 767px){.kb-row-layout-id8_54c710-23 > .kt-row-column-wrap{grid-template-columns:minmax(0, 1fr);}}<\/style><div class=\"kb-row-layout-wrap kb-row-layout-id8_54c710-23 alignnone wp-block-kadence-rowlayout\"><div class=\"kt-row-column-wrap kt-has-1-columns kt-row-layout-equal kt-tab-layout-inherit kt-mobile-layout-row kt-row-valign-top kb-theme-content-width\">\n<style>.kadence-column8_e80c38-99 > .kt-inside-inner-col,.kadence-column8_e80c38-99 > .kt-inside-inner-col:before{border-top-left-radius:0px;border-top-right-radius:0px;border-bottom-right-radius:0px;border-bottom-left-radius:0px;}.kadence-column8_e80c38-99 > .kt-inside-inner-col{column-gap:var(--global-kb-gap-sm, 1rem);}.kadence-column8_e80c38-99 > .kt-inside-inner-col{flex-direction:column;}.kadence-column8_e80c38-99 > .kt-inside-inner-col > .aligncenter{width:100%;}.kadence-column8_e80c38-99 > .kt-inside-inner-col:before{opacity:0.3;}.kadence-column8_e80c38-99{position:relative;}@media all and (max-width: 1024px){.kadence-column8_e80c38-99 > .kt-inside-inner-col{flex-direction:column;justify-content:center;}}@media all and (max-width: 767px){.kadence-column8_e80c38-99 > .kt-inside-inner-col{flex-direction:column;justify-content:center;}}<\/style>\n<div class=\"wp-block-kadence-column kadence-column8_e80c38-99\"><div class=\"kt-inside-inner-col\">No products found\n<\/div><\/div>\n\n<\/div><\/div>\n\n<style>.kb-row-layout-id8_372f92-97 > .kt-row-column-wrap{align-content:start;}:where(.kb-row-layout-id8_372f92-97 > .kt-row-column-wrap) > .wp-block-kadence-column{justify-content:start;}.kb-row-layout-id8_372f92-97 > .kt-row-column-wrap{column-gap:var(--global-kb-gap-md, 2rem);row-gap:var(--global-kb-gap-md, 2rem);max-width:var( --global-content-width, 1290px );padding-left:var(--global-content-edge-padding);padding-right:var(--global-content-edge-padding);padding-top:var(--global-kb-spacing-sm, 1.5rem);padding-bottom:var(--global-kb-spacing-sm, 1.5rem);}.kb-row-layout-id8_372f92-97 > .kt-row-column-wrap > div:not(.added-for-specificity){grid-column:initial;}.kb-row-layout-id8_372f92-97 > .kt-row-column-wrap{grid-template-columns:repeat(4, minmax(0, 1fr));}.kb-row-layout-id8_372f92-97 > .kt-row-layout-overlay{opacity:0.30;}@media all and (max-width: 1024px){.kb-row-layout-id8_372f92-97 > .kt-row-column-wrap > div:not(.added-for-specificity){grid-column:initial;}}@media all and (max-width: 1024px){.kb-row-layout-id8_372f92-97 > .kt-row-column-wrap{grid-template-columns:repeat(4, minmax(0, 1fr));}}@media all and (max-width: 767px){.kb-row-layout-id8_372f92-97 > .kt-row-column-wrap > div:not(.added-for-specificity){grid-column:initial;}.kb-row-layout-id8_372f92-97 > .kt-row-column-wrap{grid-template-columns:minmax(0, 1fr);}}<\/style><div class=\"kb-row-layout-wrap kb-row-layout-id8_372f92-97 alignnone wp-block-kadence-rowlayout\"><div class=\"kt-row-column-wrap kt-has-4-columns kt-row-layout-equal kt-tab-layout-inherit kt-mobile-layout-row kt-row-valign-top kb-theme-content-width\">\n<style>.kadence-column8_25984a-ee > .kt-inside-inner-col,.kadence-column8_25984a-ee > .kt-inside-inner-col:before{border-top-left-radius:0px;border-top-right-radius:0px;border-bottom-right-radius:0px;border-bottom-left-radius:0px;}.kadence-column8_25984a-ee > .kt-inside-inner-col{column-gap:var(--global-kb-gap-sm, 1rem);}.kadence-column8_25984a-ee > .kt-inside-inner-col{flex-direction:column;}.kadence-column8_25984a-ee > .kt-inside-inner-col > .aligncenter{width:100%;}.kadence-column8_25984a-ee > .kt-inside-inner-col:before{opacity:0.3;}.kadence-column8_25984a-ee{position:relative;}@media all and (max-width: 1024px){.kadence-column8_25984a-ee > .kt-inside-inner-col{flex-direction:column;justify-content:center;}}@media all and (max-width: 767px){.kadence-column8_25984a-ee > .kt-inside-inner-col{flex-direction:column;justify-content:center;}}<\/style>\n<div class=\"wp-block-kadence-column kadence-column8_25984a-ee\"><div class=\"kt-inside-inner-col\"><style>.wp-block-kadence-column.kb-section-dir-horizontal > .kt-inside-inner-col > .kt-info-box8_829742-8c .kt-blocks-info-box-link-wrap{max-width:unset;}.kt-info-box8_829742-8c .kt-blocks-info-box-link-wrap{padding-top:var(--global-kb-spacing-xs, 1rem);padding-right:var(--global-kb-spacing-xs, 1rem);padding-bottom:var(--global-kb-spacing-xs, 1rem);padding-left:var(--global-kb-spacing-xs, 1rem);}.kt-info-box8_829742-8c .kadence-info-box-icon-container .kt-info-svg-icon, .kt-info-box8_829742-8c .kt-info-svg-icon-flip, .kt-info-box8_829742-8c .kt-blocks-info-box-number{font-size:50px;}.kt-info-box8_829742-8c .kt-blocks-info-box-media{border-top-width:0px;border-right-width:0px;border-bottom-width:0px;border-left-width:0px;padding-top:10px;padding-right:10px;padding-bottom:10px;padding-left:10px;}.kt-info-box8_829742-8c .kt-blocks-info-box-media-container{margin-top:0px;margin-right:15px;margin-bottom:0px;margin-left:15px;}.kt-info-box8_829742-8c .kt-infobox-textcontent h2.kt-blocks-info-box-title{font-size:var(--global-kb-font-size-md, 1.25rem);}.kt-info-box8_829742-8c .kt-blocks-info-box-learnmore{background:transparent;border-width:0px 0px 0px 0px;padding-top:4px;padding-right:8px;padding-bottom:4px;padding-left:8px;margin-top:10px;margin-right:0px;margin-bottom:10px;margin-left:0px;}<\/style>\n<div class=\"wp-block-kadence-infobox kt-info-box8_829742-8c\"><span class=\"kt-blocks-info-box-link-wrap info-box-link kt-blocks-info-box-media-align-top kt-info-halign-center\"><div class=\"kt-blocks-info-box-media-container\"><div class=\"kt-blocks-info-box-media kt-info-media-animate-none\"><div class=\"kadence-info-box-icon-container kt-info-icon-animate-none\"><div class=\"kadence-info-box-icon-inner-container\"><span class=\"kb-svg-icon-wrap kb-svg-icon-fe_aperture kt-info-svg-icon\"><svg viewBox=\"0 0 24 24\"  fill=\"none\" stroke=\"currentColor\" stroke-width=\"2\" stroke-linecap=\"round\" stroke-linejoin=\"round\" xmlns=\"http:\/\/www.w3.org\/2000\/svg\"  aria-hidden=\"true\"><circle cx=\"12\" cy=\"12\" r=\"10\"\/><line x1=\"14.31\" y1=\"8\" x2=\"20.05\" y2=\"17.94\"\/><line x1=\"9.69\" y1=\"8\" x2=\"21.17\" y2=\"8\"\/><line x1=\"7.38\" y1=\"12\" x2=\"13.12\" y2=\"2.06\"\/><line x1=\"9.69\" y1=\"16\" x2=\"3.95\" y2=\"6.06\"\/><line x1=\"14.31\" y1=\"16\" x2=\"2.83\" y2=\"16\"\/><line x1=\"16.62\" y1=\"12\" x2=\"10.88\" y2=\"21.94\"\/><\/svg><\/span><\/div><\/div><\/div><\/div><div class=\"kt-infobox-textcontent\"><h2 class=\"kt-blocks-info-box-title\">Calidad <\/h2><p class=\"kt-blocks-info-box-text\">Calidad Humana, T\u00e9cnica, profesional de nuestros trabajadores. Destac\u00e1ndose la Capacitaci\u00f3n T\u00e9cnica..<\/p><\/div><\/span><\/div>\n<\/div><\/div>\n\n\n<style>.kadence-column8_46638a-1e > .kt-inside-inner-col,.kadence-column8_46638a-1e > .kt-inside-inner-col:before{border-top-left-radius:0px;border-top-right-radius:0px;border-bottom-right-radius:0px;border-bottom-left-radius:0px;}.kadence-column8_46638a-1e > .kt-inside-inner-col{column-gap:var(--global-kb-gap-sm, 1rem);}.kadence-column8_46638a-1e > .kt-inside-inner-col{flex-direction:column;}.kadence-column8_46638a-1e > .kt-inside-inner-col > .aligncenter{width:100%;}.kadence-column8_46638a-1e > .kt-inside-inner-col:before{opacity:0.3;}.kadence-column8_46638a-1e{position:relative;}@media all and (max-width: 1024px){.kadence-column8_46638a-1e > .kt-inside-inner-col{flex-direction:column;justify-content:center;}}@media all and (max-width: 767px){.kadence-column8_46638a-1e > .kt-inside-inner-col{flex-direction:column;justify-content:center;}}<\/style>\n<div class=\"wp-block-kadence-column kadence-column8_46638a-1e\"><div class=\"kt-inside-inner-col\"><style>.wp-block-kadence-column.kb-section-dir-horizontal > .kt-inside-inner-col > .kt-info-box8_6c9f8b-ab .kt-blocks-info-box-link-wrap{max-width:unset;}.kt-info-box8_6c9f8b-ab .kt-blocks-info-box-link-wrap{padding-top:var(--global-kb-spacing-xs, 1rem);padding-right:var(--global-kb-spacing-xs, 1rem);padding-bottom:var(--global-kb-spacing-xs, 1rem);padding-left:var(--global-kb-spacing-xs, 1rem);}.kt-info-box8_6c9f8b-ab .kadence-info-box-icon-container .kt-info-svg-icon, .kt-info-box8_6c9f8b-ab .kt-info-svg-icon-flip, .kt-info-box8_6c9f8b-ab .kt-blocks-info-box-number{font-size:50px;}.kt-info-box8_6c9f8b-ab .kt-blocks-info-box-media{border-top-width:0px;border-right-width:0px;border-bottom-width:0px;border-left-width:0px;padding-top:10px;padding-right:10px;padding-bottom:10px;padding-left:10px;}.kt-info-box8_6c9f8b-ab .kt-blocks-info-box-media-container{margin-top:0px;margin-right:15px;margin-bottom:0px;margin-left:15px;}.kt-info-box8_6c9f8b-ab .kt-infobox-textcontent h2.kt-blocks-info-box-title{font-size:var(--global-kb-font-size-md, 1.25rem);}.kt-info-box8_6c9f8b-ab .kt-blocks-info-box-learnmore{background:transparent;border-width:0px 0px 0px 0px;padding-top:4px;padding-right:8px;padding-bottom:4px;padding-left:8px;margin-top:10px;margin-right:0px;margin-bottom:10px;margin-left:0px;}<\/style>\n<div class=\"wp-block-kadence-infobox kt-info-box8_6c9f8b-ab\"><span class=\"kt-blocks-info-box-link-wrap info-box-link kt-blocks-info-box-media-align-top kt-info-halign-center\"><div class=\"kt-blocks-info-box-media-container\"><div class=\"kt-blocks-info-box-media kt-info-media-animate-none\"><div class=\"kadence-info-box-icon-container kt-info-icon-animate-none\"><div class=\"kadence-info-box-icon-inner-container\"><span class=\"kb-svg-icon-wrap kb-svg-icon-fe_aperture kt-info-svg-icon\"><svg viewBox=\"0 0 24 24\"  fill=\"none\" stroke=\"currentColor\" stroke-width=\"2\" stroke-linecap=\"round\" stroke-linejoin=\"round\" xmlns=\"http:\/\/www.w3.org\/2000\/svg\"  aria-hidden=\"true\"><circle cx=\"12\" cy=\"12\" r=\"10\"\/><line x1=\"14.31\" y1=\"8\" x2=\"20.05\" y2=\"17.94\"\/><line x1=\"9.69\" y1=\"8\" x2=\"21.17\" y2=\"8\"\/><line x1=\"7.38\" y1=\"12\" x2=\"13.12\" y2=\"2.06\"\/><line x1=\"9.69\" y1=\"16\" x2=\"3.95\" y2=\"6.06\"\/><line x1=\"14.31\" y1=\"16\" x2=\"2.83\" y2=\"16\"\/><line x1=\"16.62\" y1=\"12\" x2=\"10.88\" y2=\"21.94\"\/><\/svg><\/span><\/div><\/div><\/div><\/div><div class=\"kt-infobox-textcontent\"><h2 class=\"kt-blocks-info-box-title\">Responsabilidad<\/h2><p class=\"kt-blocks-info-box-text\">Responsabilidad en la entrega del producto y el cumplimiento de los plazos de entrega.<\/p><\/div><\/span><\/div>\n<\/div><\/div>\n\n\n<style>.kadence-column8_75795b-c2 > .kt-inside-inner-col,.kadence-column8_75795b-c2 > .kt-inside-inner-col:before{border-top-left-radius:0px;border-top-right-radius:0px;border-bottom-right-radius:0px;border-bottom-left-radius:0px;}.kadence-column8_75795b-c2 > .kt-inside-inner-col{column-gap:var(--global-kb-gap-sm, 1rem);}.kadence-column8_75795b-c2 > .kt-inside-inner-col{flex-direction:column;}.kadence-column8_75795b-c2 > .kt-inside-inner-col > .aligncenter{width:100%;}.kadence-column8_75795b-c2 > .kt-inside-inner-col:before{opacity:0.3;}.kadence-column8_75795b-c2{position:relative;}@media all and (max-width: 1024px){.kadence-column8_75795b-c2 > .kt-inside-inner-col{flex-direction:column;justify-content:center;}}@media all and (max-width: 767px){.kadence-column8_75795b-c2 > .kt-inside-inner-col{flex-direction:column;justify-content:center;}}<\/style>\n<div class=\"wp-block-kadence-column kadence-column8_75795b-c2\"><div class=\"kt-inside-inner-col\"><style>.wp-block-kadence-column.kb-section-dir-horizontal > .kt-inside-inner-col > .kt-info-box8_1f7725-e4 .kt-blocks-info-box-link-wrap{max-width:unset;}.kt-info-box8_1f7725-e4 .kt-blocks-info-box-link-wrap{padding-top:var(--global-kb-spacing-xs, 1rem);padding-right:var(--global-kb-spacing-xs, 1rem);padding-bottom:var(--global-kb-spacing-xs, 1rem);padding-left:var(--global-kb-spacing-xs, 1rem);}.kt-info-box8_1f7725-e4 .kadence-info-box-icon-container .kt-info-svg-icon, .kt-info-box8_1f7725-e4 .kt-info-svg-icon-flip, .kt-info-box8_1f7725-e4 .kt-blocks-info-box-number{font-size:50px;}.kt-info-box8_1f7725-e4 .kt-blocks-info-box-media{border-top-width:0px;border-right-width:0px;border-bottom-width:0px;border-left-width:0px;padding-top:10px;padding-right:10px;padding-bottom:10px;padding-left:10px;}.kt-info-box8_1f7725-e4 .kt-blocks-info-box-media-container{margin-top:0px;margin-right:15px;margin-bottom:0px;margin-left:15px;}.kt-info-box8_1f7725-e4 .kt-infobox-textcontent h2.kt-blocks-info-box-title{font-size:var(--global-kb-font-size-md, 1.25rem);}.kt-info-box8_1f7725-e4 .kt-blocks-info-box-learnmore{background:transparent;border-width:0px 0px 0px 0px;padding-top:4px;padding-right:8px;padding-bottom:4px;padding-left:8px;margin-top:10px;margin-right:0px;margin-bottom:10px;margin-left:0px;}<\/style>\n<div class=\"wp-block-kadence-infobox kt-info-box8_1f7725-e4\"><span class=\"kt-blocks-info-box-link-wrap info-box-link kt-blocks-info-box-media-align-top kt-info-halign-center\"><div class=\"kt-blocks-info-box-media-container\"><div class=\"kt-blocks-info-box-media kt-info-media-animate-none\"><div class=\"kadence-info-box-icon-container kt-info-icon-animate-none\"><div class=\"kadence-info-box-icon-inner-container\"><span class=\"kb-svg-icon-wrap kb-svg-icon-fe_aperture kt-info-svg-icon\"><svg viewBox=\"0 0 24 24\"  fill=\"none\" stroke=\"currentColor\" stroke-width=\"2\" stroke-linecap=\"round\" stroke-linejoin=\"round\" xmlns=\"http:\/\/www.w3.org\/2000\/svg\"  aria-hidden=\"true\"><circle cx=\"12\" cy=\"12\" r=\"10\"\/><line x1=\"14.31\" y1=\"8\" x2=\"20.05\" y2=\"17.94\"\/><line x1=\"9.69\" y1=\"8\" x2=\"21.17\" y2=\"8\"\/><line x1=\"7.38\" y1=\"12\" x2=\"13.12\" y2=\"2.06\"\/><line x1=\"9.69\" y1=\"16\" x2=\"3.95\" y2=\"6.06\"\/><line x1=\"14.31\" y1=\"16\" x2=\"2.83\" y2=\"16\"\/><line x1=\"16.62\" y1=\"12\" x2=\"10.88\" y2=\"21.94\"\/><\/svg><\/span><\/div><\/div><\/div><\/div><div class=\"kt-infobox-textcontent\"><h2 class=\"kt-blocks-info-box-title\">Estrat\u00e9gica <\/h2><p class=\"kt-blocks-info-box-text\">Asociaciones estrat\u00e9gicas con distintas empresas para lograr competir en el mercado.<\/p><\/div><\/span><\/div>\n<\/div><\/div>\n\n\n<style>.kadence-column8_04a650-37 > .kt-inside-inner-col,.kadence-column8_04a650-37 > .kt-inside-inner-col:before{border-top-left-radius:0px;border-top-right-radius:0px;border-bottom-right-radius:0px;border-bottom-left-radius:0px;}.kadence-column8_04a650-37 > .kt-inside-inner-col{column-gap:var(--global-kb-gap-sm, 1rem);}.kadence-column8_04a650-37 > .kt-inside-inner-col{flex-direction:column;}.kadence-column8_04a650-37 > .kt-inside-inner-col > .aligncenter{width:100%;}.kadence-column8_04a650-37 > .kt-inside-inner-col:before{opacity:0.3;}.kadence-column8_04a650-37{position:relative;}@media all and (max-width: 1024px){.kadence-column8_04a650-37 > .kt-inside-inner-col{flex-direction:column;justify-content:center;}}@media all and (max-width: 767px){.kadence-column8_04a650-37 > .kt-inside-inner-col{flex-direction:column;justify-content:center;}}<\/style>\n<div class=\"wp-block-kadence-column kadence-column8_04a650-37\"><div class=\"kt-inside-inner-col\"><style>.wp-block-kadence-column.kb-section-dir-horizontal > .kt-inside-inner-col > .kt-info-box8_48a19d-de .kt-blocks-info-box-link-wrap{max-width:unset;}.kt-info-box8_48a19d-de .kt-blocks-info-box-link-wrap{padding-top:var(--global-kb-spacing-xs, 1rem);padding-right:var(--global-kb-spacing-xs, 1rem);padding-bottom:var(--global-kb-spacing-xs, 1rem);padding-left:var(--global-kb-spacing-xs, 1rem);}.kt-info-box8_48a19d-de .kadence-info-box-icon-container .kt-info-svg-icon, .kt-info-box8_48a19d-de .kt-info-svg-icon-flip, .kt-info-box8_48a19d-de .kt-blocks-info-box-number{font-size:50px;}.kt-info-box8_48a19d-de .kt-blocks-info-box-media{border-top-width:0px;border-right-width:0px;border-bottom-width:0px;border-left-width:0px;padding-top:10px;padding-right:10px;padding-bottom:10px;padding-left:10px;}.kt-info-box8_48a19d-de .kt-blocks-info-box-media-container{margin-top:0px;margin-right:15px;margin-bottom:0px;margin-left:15px;}.kt-info-box8_48a19d-de .kt-infobox-textcontent h2.kt-blocks-info-box-title{font-size:var(--global-kb-font-size-md, 1.25rem);}.kt-info-box8_48a19d-de .kt-blocks-info-box-learnmore{background:transparent;border-width:0px 0px 0px 0px;padding-top:4px;padding-right:8px;padding-bottom:4px;padding-left:8px;margin-top:10px;margin-right:0px;margin-bottom:10px;margin-left:0px;}<\/style>\n<div class=\"wp-block-kadence-infobox kt-info-box8_48a19d-de\"><span class=\"kt-blocks-info-box-link-wrap info-box-link kt-blocks-info-box-media-align-top kt-info-halign-center\"><div class=\"kt-blocks-info-box-media-container\"><div class=\"kt-blocks-info-box-media kt-info-media-animate-none\"><div class=\"kadence-info-box-icon-container kt-info-icon-animate-none\"><div class=\"kadence-info-box-icon-inner-container\"><span class=\"kb-svg-icon-wrap kb-svg-icon-fe_aperture kt-info-svg-icon\"><svg viewBox=\"0 0 24 24\"  fill=\"none\" stroke=\"currentColor\" stroke-width=\"2\" stroke-linecap=\"round\" stroke-linejoin=\"round\" xmlns=\"http:\/\/www.w3.org\/2000\/svg\"  aria-hidden=\"true\"><circle cx=\"12\" cy=\"12\" r=\"10\"\/><line x1=\"14.31\" y1=\"8\" x2=\"20.05\" y2=\"17.94\"\/><line x1=\"9.69\" y1=\"8\" x2=\"21.17\" y2=\"8\"\/><line x1=\"7.38\" y1=\"12\" x2=\"13.12\" y2=\"2.06\"\/><line x1=\"9.69\" y1=\"16\" x2=\"3.95\" y2=\"6.06\"\/><line x1=\"14.31\" y1=\"16\" x2=\"2.83\" y2=\"16\"\/><line x1=\"16.62\" y1=\"12\" x2=\"10.88\" y2=\"21.94\"\/><\/svg><\/span><\/div><\/div><\/div><\/div><div class=\"kt-infobox-textcontent\"><h2 class=\"kt-blocks-info-box-title\">Confianza <\/h2><p class=\"kt-blocks-info-box-text\">La confianza y flexibilidad que le otorgamos al cliente para establecer negocios.<\/p><\/div><\/span><\/div>\n<\/div><\/div>\n\n<\/div><\/div>","protected":false},"excerpt":{"rendered":"<p>&#8230;<\/p>\n","protected":false},"author":1,"featured_media":0,"parent":0,"menu_order":0,"comment_status":"closed","ping_status":"closed","template":"","meta":{"_kad_post_transparent":"","_kad_post_title":"hide","_kad_post_layout":"fullwidth","_kad_post_sidebar_id":"","_kad_post_content_style":"unboxed","_kad_post_vertical_padding":"","_kad_post_feature":"","_kad_post_feature_position":"","_kad_post_header":false,"_kad_post_footer":false,"_kad_post_classname":"","footnotes":""},"class_list":["post-8","page","type-page","status-publish","hentry"],"_links":{"self":[{"href":"https:\/\/pernosayg.cl\/sitio\/wp-json\/wp\/v2\/pages\/8","targetHints":{"allow":["GET"]}}],"collection":[{"href":"https:\/\/pernosayg.cl\/sitio\/wp-json\/wp\/v2\/pages"}],"about":[{"href":"https:\/\/pernosayg.cl\/sitio\/wp-json\/wp\/v2\/types\/page"}],"author":[{"embeddable":true,"href":"https:\/\/pernosayg.cl\/sitio\/wp-json\/wp\/v2\/users\/1"}],"replies":[{"embeddable":true,"href":"https:\/\/pernosayg.cl\/sitio\/wp-json\/wp\/v2\/comments?post=8"}],"version-history":[{"count":11,"href":"https:\/\/pernosayg.cl\/sitio\/wp-json\/wp\/v2\/pages\/8\/revisions"}],"predecessor-version":[{"id":238,"href":"https:\/\/pernosayg.cl\/sitio\/wp-json\/wp\/v2\/pages\/8\/revisions\/238"}],"wp:attachment":[{"href":"https:\/\/pernosayg.cl\/sitio\/wp-json\/wp\/v2\/media?parent=8"}],"curies":[{"name":"wp","href":"https:\/\/api.w.org\/{rel}","templated":true}]}}